{"id":8773,"date":"2025-04-04T12:47:27","date_gmt":"2025-04-04T10:47:27","guid":{"rendered":"https:\/\/balancezone.org\/?page_id=8773"},"modified":"2025-04-04T18:28:38","modified_gmt":"2025-04-04T16:28:38","slug":"demande-de-brochure-formation-50h","status":"publish","type":"page","link":"https:\/\/balancezone.org\/?page_id=8773","title":{"rendered":"Demande de brochure formation 50h"},"content":{"rendered":"<section class=\"l-section wpb_row height_large color_primary with_img\"><div class=\"l-section-img\" data-img-width=\"1600\" data-img-height=\"495\" style=\"background-image: url(https:\/\/balancezone.org\/wp-content\/uploads\/2025\/04\/form1.png);background-position: top center;background-repeat: no-repeat;background-size: auto;\"><\/div><div class=\"l-section-overlay\" style=\"background:rgba(0,0,0,0.44)\"><\/div><div class=\"l-section-h i-cf\"><div class=\"g-cols vc_row via_grid cols_2 laptops-cols_inherit tablets-cols_inherit mobiles-cols_1 valign_middle type_default stacking_default\" style=\"grid-gap:0rem;\"><div class=\"wpb_column vc_column_container\"><div class=\"vc_column-inner\"><\/div><\/div><\/div><\/div><\/section><section class=\"l-section wpb_row height_medium\"><div class=\"l-section-h i-cf\"><div class=\"g-cols vc_row via_grid cols_2 laptops-cols_inherit tablets-cols_inherit mobiles-cols_1 valign_top type_default stacking_default\"><div class=\"wpb_column vc_column_container\"><div class=\"vc_column-inner\"><div class=\"wpb_text_column\"><div class=\"wpb_wrapper\"><h3>\u00a0 \u00a0 \u00a0 Ce Training s\u2019adresse aux danseurs, com\u00e9diens, circassiens, enseignants de danse, de yoga. Et professions sportives, praticiens professionnels de sports de<br \/>\nhaut niveau et de combat. Ces trainings s\u2019articulent autour de s\u00e9quences coh\u00e9rentes de niveau avanc\u00e9 qui sont des cl\u00e9s de pr\u00e9paration physique \u00e0 votre activit\u00e9.<br \/>\nL\u2019attention est port\u00e9e sur l\u2019alignement corporel, l\u2019organicit\u00e9 des chemins physiques et physiologiques, la pleine conscience, le d\u00e9ploiement respiratoire.<br \/>\nLa dur\u00e9e de deux heures de chaque module qualifie l\u2019aspect avanc\u00e9 de la pratique.<\/h3>\n<\/div><\/div><div class=\"w-separator us_custom_24d412c5 size_large\"><\/div><div class=\"w-btn-wrapper align_none\"><a class=\"w-btn us-btn-style_8\" href=\"https:\/\/balancezone.org\/wp-content\/uploads\/2025\/04\/FORMATION_PEDAGOGIQUE_50H.pdf\"><span class=\"w-btn-label\">T\u00e9l\u00e9charger la brochure de formation 50H<\/span><\/a><\/div><div class=\"w-separator us_custom_24d412c5 size_large\"><\/div><div class=\"wpb_text_column\"><div class=\"wpb_wrapper\"><h4><strong>Demande de la brochure 50H<br \/>\nde formation professionnelle (envoi par mail)<br \/>\n<\/strong><\/h4>\n<\/div><\/div><div class=\"wpb_text_column\"><div class=\"wpb_wrapper\">\n<div class=\"wpcf7 no-js\" id=\"wpcf7-f9-o1\" lang=\"fr-FR\" dir=\"ltr\">\n<div class=\"screen-reader-response\"><p role=\"status\" aria-live=\"polite\" aria-atomic=\"true\"><\/p> <ul><\/ul><\/div>\n<form action=\"\/index.php?rest_route=%2Fwp%2Fv2%2Fpages%2F8773#wpcf7-f9-o1\" method=\"post\" class=\"wpcf7-form init\" aria-label=\"Formulaire de contact\" novalidate=\"novalidate\" data-status=\"init\">\n<div style=\"display: none;\">\n<input type=\"hidden\" name=\"_wpcf7\" value=\"9\" \/>\n<input type=\"hidden\" name=\"_wpcf7_version\" value=\"5.8.7\" \/>\n<input type=\"hidden\" name=\"_wpcf7_locale\" value=\"fr_FR\" \/>\n<input type=\"hidden\" name=\"_wpcf7_unit_tag\" value=\"wpcf7-f9-o1\" \/>\n<input type=\"hidden\" name=\"_wpcf7_container_post\" value=\"0\" \/>\n<input type=\"hidden\" name=\"_wpcf7_posted_data_hash\" value=\"\" \/>\n<input type=\"hidden\" name=\"_wpcf7_recaptcha_response\" value=\"\" \/>\n<\/div>\n<p><label> Votre Pr\u00e9nom (obligatoire)<br \/>\n<span class=\"wpcf7-form-control-wrap\" data-name=\"your-name\"><input size=\"40\" class=\"wpcf7-form-control wpcf7-text wpcf7-validates-as-required\" aria-required=\"true\" aria-invalid=\"false\" value=\"\" type=\"text\" name=\"your-name\" \/><\/span> <\/label>\n<\/p>\n<p><label> Votre e-mail (obligatoire)<br \/>\n<span class=\"wpcf7-form-control-wrap\" data-name=\"your-email\"><input size=\"40\" class=\"wpcf7-form-control wpcf7-email wpcf7-validates-as-required wpcf7-text wpcf7-validates-as-email\" aria-required=\"true\" aria-invalid=\"false\" value=\"\" type=\"email\" name=\"your-email\" \/><\/span> <\/label>\n<\/p>\n<p><label>T\u00e9l\u00e9phone (obligatoire)<br \/>\n<span class=\"wpcf7-form-control-wrap\" data-name=\"tel-960\"><input size=\"40\" class=\"wpcf7-form-control wpcf7-tel wpcf7-validates-as-required wpcf7-text wpcf7-validates-as-tel\" aria-required=\"true\" aria-invalid=\"false\" value=\"\" type=\"tel\" name=\"tel-960\" \/><\/span> <\/label>\n<\/p>\n<p><span class=\"wpcf7-form-control-wrap\" data-name=\"checkbox-608\"><span class=\"wpcf7-form-control wpcf7-checkbox wpcf7-validates-as-required\"><span class=\"wpcf7-list-item first last\"><input type=\"checkbox\" name=\"checkbox-608[]\" value=\"J&#039;accepte de recevoir la brochure et les informations compl\u00e9mentaires par email\" \/><span class=\"wpcf7-list-item-label\">J&#039;accepte de recevoir la brochure et les informations compl\u00e9mentaires par email<\/span><\/span><\/span><\/span>\n<\/p>\n<p>Votre message<br \/>\n<span class=\"wpcf7-form-control-wrap\" data-name=\"your-message\"><textarea cols=\"40\" rows=\"10\" class=\"wpcf7-form-control wpcf7-textarea\" aria-invalid=\"false\" name=\"your-message\"><\/textarea><\/span>\n<\/p>\n<p><input class=\"wpcf7-form-control wpcf7-submit has-spinner\" type=\"submit\" value=\"Envoyer\" \/>\n<\/p><p style=\"display: none !important;\"><label>&#916;<textarea name=\"_wpcf7_ak_hp_textarea\" cols=\"45\" rows=\"8\" maxlength=\"100\"><\/textarea><\/label><input type=\"hidden\" id=\"ak_js_1\" name=\"_wpcf7_ak_js\" value=\"22\"\/><script>document.getElementById( \"ak_js_1\" ).setAttribute( \"value\", ( new Date() ).getTime() );<\/script><\/p><div class=\"inv-recaptcha-holder\"><\/div><div class=\"wpcf7-response-output\" aria-hidden=\"true\"><\/div>\n<\/form>\n<\/div>\n\n<\/div><\/div><\/div><\/div><div class=\"wpb_column vc_column_container\"><div class=\"vc_column-inner\"><div class=\"w-image align_center\"><div class=\"w-image-h\"><img loading=\"lazy\" decoding=\"async\" width=\"812\" height=\"1024\" src=\"https:\/\/balancezone.org\/wp-content\/uploads\/2025\/04\/formation-812x1024.png\" class=\"attachment-large size-large\" alt=\"\" srcset=\"https:\/\/balancezone.org\/wp-content\/uploads\/2025\/04\/formation-812x1024.png 812w, https:\/\/balancezone.org\/wp-content\/uploads\/2025\/04\/formation-238x300.png 238w, https:\/\/balancezone.org\/wp-content\/uploads\/2025\/04\/formation-278x350.png 278w, https:\/\/balancezone.org\/wp-content\/uploads\/2025\/04\/formation-476x600.png 476w, https:\/\/balancezone.org\/wp-content\/uploads\/2025\/04\/formation-600x756.png 600w, https:\/\/balancezone.org\/wp-content\/uploads\/2025\/04\/formation-317x400.png 317w, https:\/\/balancezone.org\/wp-content\/uploads\/2025\/04\/formation-768x968.png 768w, https:\/\/balancezone.org\/wp-content\/uploads\/2025\/04\/formation-300x378.png 300w, https:\/\/balancezone.org\/wp-content\/uploads\/2025\/04\/formation-200x252.png 200w, https:\/\/balancezone.org\/wp-content\/uploads\/2025\/04\/formation.png 960w\" sizes=\"(max-width: 812px) 100vw, 812px\" \/><\/div><\/div><\/div><\/div><\/div><\/div><\/section><section class=\"l-section wpb_row height_medium\"><div class=\"l-section-h i-cf\"><div class=\"g-cols vc_row via_grid cols_1 laptops-cols_inherit tablets-cols_inherit mobiles-cols_1 valign_top type_default stacking_default\"><div class=\"wpb_column vc_column_container\"><div class=\"vc_column-inner\"><\/div><\/div><\/div><\/div><\/section>\n","protected":false},"excerpt":{"rendered":"\u00a0 \u00a0 \u00a0 Ce Training s\u2019adresse aux danseurs, com\u00e9diens, circassiens, enseignants de danse, de yoga. Et professions sportives, praticiens professionnels de sports de haut niveau et de combat. Ces trainings s\u2019articulent autour de s\u00e9quences coh\u00e9rentes de niveau avanc\u00e9 qui sont des cl\u00e9s de pr\u00e9paration physique \u00e0 votre activit\u00e9. L\u2019attention est port\u00e9e sur l\u2019alignement corporel, l\u2019organicit\u00e9...","protected":false},"author":74,"featured_media":0,"parent":0,"menu_order":0,"comment_status":"closed","ping_status":"closed","template":"","meta":{"_bbp_topic_count":0,"_bbp_reply_count":0,"_bbp_total_topic_count":0,"_bbp_total_reply_count":0,"_bbp_voice_count":0,"_bbp_anonymous_reply_count":0,"_bbp_topic_count_hidden":0,"_bbp_reply_count_hidden":0,"_bbp_forum_subforum_count":0,"footnotes":""},"_links":{"self":[{"href":"https:\/\/balancezone.org\/index.php?rest_route=\/wp\/v2\/pages\/8773"}],"collection":[{"href":"https:\/\/balancezone.org\/index.php?rest_route=\/wp\/v2\/pages"}],"about":[{"href":"https:\/\/balancezone.org\/index.php?rest_route=\/wp\/v2\/types\/page"}],"author":[{"embeddable":true,"href":"https:\/\/balancezone.org\/index.php?rest_route=\/wp\/v2\/users\/74"}],"replies":[{"embeddable":true,"href":"https:\/\/balancezone.org\/index.php?rest_route=%2Fwp%2Fv2%2Fcomments&post=8773"}],"version-history":[{"count":38,"href":"https:\/\/balancezone.org\/index.php?rest_route=\/wp\/v2\/pages\/8773\/revisions"}],"predecessor-version":[{"id":8815,"href":"https:\/\/balancezone.org\/index.php?rest_route=\/wp\/v2\/pages\/8773\/revisions\/8815"}],"wp:attachment":[{"href":"https:\/\/balancezone.org\/index.php?rest_route=%2Fwp%2Fv2%2Fmedia&parent=8773"}],"curies":[{"name":"wp","href":"https:\/\/api.w.org\/{rel}","templated":true}]}}